{"id":2176,"date":"2021-11-30T11:24:39","date_gmt":"2021-11-30T10:24:39","guid":{"rendered":"https:\/\/internacionalizacionsue.umh.es\/?page_id=2176"},"modified":"2021-12-10T08:52:58","modified_gmt":"2021-12-10T07:52:58","slug":"galeria","status":"publish","type":"page","link":"https:\/\/internacionalizacionsue.umh.es\/ca\/galeria\/","title":{"rendered":"Borrador autom\u00e1tico"},"content":{"rendered":"<p>[et_pb_section fb_built=&#8221;1&#8243; custom_padding_last_edited=&#8221;off|desktop&#8221; admin_label=&#8221;Hero&#8221; _builder_version=&#8221;3.22&#8243; use_background_color_gradient=&#8221;on&#8221; background_color_gradient_start=&#8221;#ffffff&#8221; background_color_gradient_end=&#8221;#e7edf9&#8243; min_height=&#8221;252px&#8221; custom_margin=&#8221;||-74px|||&#8221; custom_padding=&#8221;12px||68px|||&#8221; custom_padding_tablet=&#8221;130px||130px|&#8221;][et_pb_row admin_label=&#8221;title and illustration&#8221; _builder_version=&#8221;3.25&#8243; background_size=&#8221;initial&#8221; background_position=&#8221;top_left&#8221; background_repeat=&#8221;repeat&#8221; custom_margin=&#8221;|||&#8221;][et_pb_column type=&#8221;4_4&#8243; _builder_version=&#8221;3.25&#8243; custom_padding=&#8221;|||&#8221; custom_padding__hover=&#8221;|||&#8221;][et_pb_text _builder_version=&#8221;4.2.2&#8243; header_font=&#8221;Merriweather|700|||||||&#8221; header_font_size=&#8221;46px&#8221; header_line_height=&#8221;1.3em&#8221; custom_margin=&#8221;||0px|&#8221; animation_style=&#8221;fade&#8221; animation_direction=&#8221;top&#8221; animation_duration=&#8221;250ms&#8221;]<\/p>\n<h1>Galer\u00eda<\/h1>\n<p>[\/et_pb_text][et_pb_divider color=&#8221;#4646c4&#8243; divider_position=&#8221;center&#8221; divider_weight=&#8221;2px&#8221; _builder_version=&#8221;3.2&#8243; max_width=&#8221;90px&#8221; max_width_tablet=&#8221;12%&#8221; max_width_last_edited=&#8221;off|desktop&#8221; custom_margin=&#8221;|||&#8221; animation_style=&#8221;flip&#8221; animation_delay=&#8221;50ms&#8221;][\/et_pb_divider][\/et_pb_column][\/et_pb_row][\/et_pb_section][et_pb_section fb_built=&#8221;1&#8243; admin_label=&#8221;Speakers&#8221; _builder_version=&#8221;3.22&#8243; custom_padding=&#8221;8px||90px|||&#8221; animation_style=&#8221;zoom&#8221; animation_intensity_zoom=&#8221;10%&#8221;][et_pb_row column_structure=&#8221;1_5,3_5,1_5&#8243; _builder_version=&#8221;4.2.2&#8243;][et_pb_column type=&#8221;1_5&#8243; _builder_version=&#8221;4.2.2&#8243;][et_pb_gallery gallery_ids=&#8221;2182,2185,2188,2191,2194,2197,2200,2203,2206,2209,2212,2215,2218,2221&#8243; fullwidth=&#8221;on&#8221; _builder_version=&#8221;4.2.2&#8243; background_layout=&#8221;dark&#8221; width=&#8221;100%&#8221; box_shadow_style=&#8221;preset2&#8243;][\/et_pb_gallery][\/et_pb_column][et_pb_column type=&#8221;3_5&#8243; _builder_version=&#8221;4.2.2&#8243;][et_pb_text _builder_version=&#8221;4.2.2&#8243;]<\/p>\n<h2><span style=\"color: #3366ff\">Im\u00e1genes<\/span><\/h2>\n<p>[\/et_pb_text][et_pb_gallery gallery_ids=&#8221;2374,2371,2368,2365,2362,2359,2353,2356,2350,2347,2344,2341,2338,2335,2332,2329,2326,2323,2320,2317,2314,2311,2305,2308,2302,2299,2296,2293,2290,2287,2284&#8243; gallery_orderby=&#8221;rand&#8221; fullwidth=&#8221;on&#8221; _builder_version=&#8221;4.2.2&#8243; background_layout=&#8221;dark&#8221; module_alignment=&#8221;center&#8221; box_shadow_style=&#8221;preset1&#8243;][\/et_pb_gallery][\/et_pb_column][et_pb_column type=&#8221;1_5&#8243; _builder_version=&#8221;4.2.2&#8243;][\/et_pb_column][\/et_pb_row][et_pb_row column_structure=&#8221;1_5,3_5,1_5&#8243; _builder_version=&#8221;4.2.2&#8243;][et_pb_column type=&#8221;1_5&#8243; _builder_version=&#8221;4.2.2&#8243;][\/et_pb_column][et_pb_column type=&#8221;3_5&#8243; _builder_version=&#8221;4.2.2&#8243;][et_pb_text _builder_version=&#8221;4.2.2&#8243;]<\/p>\n<h2><span style=\"color: #3366ff\">V\u00eddeo completo de la Jornada<\/span><\/h2>\n<p>[\/et_pb_text][et_pb_video _builder_version=&#8221;4.2.2&#8243; hover_enabled=&#8221;0&#8243; src=&#8221;https:\/\/www.youtube.com\/watch?v=o6m-pC9oNfY&#8221;][\/et_pb_video][\/et_pb_column][et_pb_column type=&#8221;1_5&#8243; _builder_version=&#8221;4.2.2&#8243;][\/et_pb_column][\/et_pb_row][\/et_pb_section][et_pb_section fb_built=&#8221;1&#8243; fullwidth=&#8221;on&#8221; _builder_version=&#8221;4.2.2&#8243; background_color=&#8221;#343473&#8243; animation_style=&#8221;flip&#8221; animation_duration=&#8221;950ms&#8221; animation_intensity_flip=&#8221;15%&#8221; saved_tabs=&#8221;all&#8221;][et_pb_fullwidth_header title=&#8221;Contacto e inscripci\u00f3n&#8221; button_one_text=&#8221;Contacto&#8221; button_one_url=&#8221;https:\/\/internacionalizacionsue.umh.es\/contacto\/&#8221; button_two_text=&#8221;Inscr\u00edbase&#8221; button_two_url=&#8221;https:\/\/internacionalizacionsue.umh.es\/inscripcion\/&#8221; _builder_version=&#8221;4.2.2&#8243; title_font_size=&#8221;33px&#8221; background_color=&#8221;##343473&#8243; custom_button_one=&#8221;on&#8221; button_one_bg_color=&#8221;#0da0c5&#8243; custom_button_two=&#8221;on&#8221; button_two_bg_color=&#8221;#e01f45&#8243; link_option_url_new_window=&#8221;on&#8221;][\/et_pb_fullwidth_header][\/et_pb_section]<\/p>\n","protected":false},"excerpt":{"rendered":"<p>Galer\u00edaIm\u00e1genesV\u00eddeo completo de la Jornada<\/p>\n","protected":false},"author":4886,"featured_media":0,"parent":0,"menu_order":0,"comment_status":"closed","ping_status":"closed","template":"","meta":{"_et_pb_use_builder":"on","_et_pb_old_content":"","_et_gb_content_width":"","_links_to":"","_links_to_target":""},"_links":{"self":[{"href":"https:\/\/internacionalizacionsue.umh.es\/ca\/wp-json\/wp\/v2\/pages\/2176"}],"collection":[{"href":"https:\/\/internacionalizacionsue.umh.es\/ca\/wp-json\/wp\/v2\/pages"}],"about":[{"href":"https:\/\/internacionalizacionsue.umh.es\/ca\/wp-json\/wp\/v2\/types\/page"}],"author":[{"embeddable":true,"href":"https:\/\/internacionalizacionsue.umh.es\/ca\/wp-json\/wp\/v2\/users\/4886"}],"replies":[{"embeddable":true,"href":"https:\/\/internacionalizacionsue.umh.es\/ca\/wp-json\/wp\/v2\/comments?post=2176"}],"version-history":[{"count":0,"href":"https:\/\/internacionalizacionsue.umh.es\/ca\/wp-json\/wp\/v2\/pages\/2176\/revisions"}],"wp:attachment":[{"href":"https:\/\/internacionalizacionsue.umh.es\/ca\/wp-json\/wp\/v2\/media?parent=2176"}],"curies":[{"name":"wp","href":"https:\/\/api.w.org\/{rel}","templated":true}]}}