{"id":252,"date":"2021-07-28T14:32:12","date_gmt":"2021-07-28T12:32:12","guid":{"rendered":"https:\/\/internacionalizacionsue.umh.es\/?page_id=252"},"modified":"2021-11-01T18:37:33","modified_gmt":"2021-11-01T17:37:33","slug":"la-umh","status":"publish","type":"page","link":"https:\/\/internacionalizacionsue.umh.es\/ca\/la-umh\/","title":{"rendered":"La UMH"},"content":{"rendered":"<p>[et_pb_section fb_built=&#8221;1&#8243; custom_padding_last_edited=&#8221;off|desktop&#8221; admin_label=&#8221;Hero&#8221; _builder_version=&#8221;4.2.2&#8243; use_background_color_gradient=&#8221;on&#8221; background_color_gradient_start=&#8221;#ffffff&#8221; background_color_gradient_end=&#8221;#e7edf9&#8243; min_height=&#8221;317px&#8221; custom_margin=&#8221;|||&#8221; custom_padding=&#8221;100px||100px|&#8221; custom_padding_tablet=&#8221;130px||130px|&#8221;][et_pb_row _builder_version=&#8221;4.2.2&#8243; background_enable_image=&#8221;off&#8221; background_size=&#8221;initial&#8221; background_position=&#8221;top_left&#8221; background_repeat=&#8221;repeat&#8221; custom_margin=&#8221;|||&#8221;][et_pb_column type=&#8221;4_4&#8243; _builder_version=&#8221;3.25&#8243; custom_padding=&#8221;|||&#8221; custom_padding__hover=&#8221;|||&#8221;][et_pb_text _builder_version=&#8221;4.2.2&#8243; text_font=&#8221;||||||||&#8221; header_font=&#8221;Merriweather|700|||||||&#8221; header_font_size=&#8221;46px&#8221; header_line_height=&#8221;1.3em&#8221; text_orientation=&#8221;center&#8221; max_width=&#8221;700px&#8221; module_alignment=&#8221;center&#8221; custom_margin=&#8221;||0px|&#8221; animation_style=&#8221;fade&#8221; animation_direction=&#8221;top&#8221; animation_duration=&#8221;250ms&#8221;]<\/p>\n<h1>Descubre la UMH<\/h1>\n<p>[\/et_pb_text][et_pb_divider color=&#8221;#4646c4&#8243; divider_position=&#8221;center&#8221; divider_weight=&#8221;2px&#8221; _builder_version=&#8221;4.2.2&#8243; max_width=&#8221;90px&#8221; max_width_tablet=&#8221;12%&#8221; max_width_last_edited=&#8221;off|desktop&#8221; module_alignment=&#8221;center&#8221; custom_margin=&#8221;|||&#8221; animation_style=&#8221;flip&#8221; animation_delay=&#8221;50ms&#8221;][\/et_pb_divider][\/et_pb_column][\/et_pb_row][et_pb_row _builder_version=&#8221;4.2.2&#8243; custom_padding=&#8221;73px|||||&#8221; animation_style=&#8221;fade&#8221; animation_duration=&#8221;250ms&#8221;][et_pb_column type=&#8221;4_4&#8243; _builder_version=&#8221;4.2.2&#8243;][et_pb_text _builder_version=&#8221;4.2.2&#8243;]<\/p>\n<h2><strong><span style=\"color: #808080\">Sal\u00f3n de Actos del Edificio Rectorado y Consejo Social<\/span><\/strong><\/h2>\n<p>[\/et_pb_text][\/et_pb_column][\/et_pb_row][et_pb_row column_structure=&#8221;1_2,1_2&#8243; _builder_version=&#8221;4.2.2&#8243; custom_margin=&#8221;-24px|auto||auto||&#8221; animation_style=&#8221;fade&#8221;][et_pb_column type=&#8221;1_2&#8243; _builder_version=&#8221;4.2.2&#8243;][et_pb_image src=&#8221;https:\/\/internacionalizacionsue.umh.es\/files\/2021\/09\/sal\u00f3n-de-actos.jpg&#8221; alt=&#8221;Sal\u00f3n de Actos Rectorado y Consejo Social UMH&#8221; title_text=&#8221;El Sal\u00f3n de Actos Rectorado y Consejo Social UMH acoger\u00e1 las III Jornadas de Promoci\u00f3n Internacional del Sistema Universitario Espa\u00f1ol&#8221; align=&#8221;center&#8221; _builder_version=&#8221;4.2.2&#8243; width=&#8221;82.4%&#8221; custom_margin=&#8221;|7px||||&#8221;][\/et_pb_image][\/et_pb_column][et_pb_column type=&#8221;1_2&#8243; _builder_version=&#8221;4.2.2&#8243;][et_pb_divider show_divider=&#8221;off&#8221; _builder_version=&#8221;4.2.2&#8243; min_height=&#8221;51px&#8221;][\/et_pb_divider][et_pb_text _builder_version=&#8221;4.2.2&#8243; min_height=&#8221;174px&#8221;]<\/p>\n<p>El <span>\u00a0Sal\u00f3n de Actos del Edificio Rectorado y Consejo Social del Campus de Elche<\/span> ser\u00e1 el encargado de acoger el 25 y 26 de noviembre las III Jornadas\u00a0<span>sobre Promoci\u00f3n Internacional del Sistema Universitario Espa\u00f1ol (SUE), organizadas por la sectorial CRUE Internacionalizaci\u00f3n y Cooperaci\u00f3n.<\/span><\/p>\n<p><span>Este Sal\u00f3n es un espacio privilegiado dentro de la UMH y en \u00e9l se celebran habitualmente las ceremonias de apertura y clausura del curso, las de nombramiento de Doctores Honoris Causa y diversas entregas de premios.<\/span><\/p>\n<p>[\/et_pb_text][\/et_pb_column][\/et_pb_row][et_pb_row _builder_version=&#8221;4.2.2&#8243;][et_pb_column type=&#8221;4_4&#8243; _builder_version=&#8221;4.2.2&#8243;][et_pb_divider _builder_version=&#8221;4.2.2&#8243;][\/et_pb_divider][\/et_pb_column][\/et_pb_row][et_pb_row _builder_version=&#8221;4.2.2&#8243;][et_pb_column type=&#8221;4_4&#8243; _builder_version=&#8221;4.2.2&#8243;][et_pb_video src=&#8221;https:\/\/www.youtube.com\/watch?v=_q-7_9CszWo&#8221; _builder_version=&#8221;4.2.2&#8243;][\/et_pb_video][\/et_pb_column][\/et_pb_row][\/et_pb_section][et_pb_section fb_built=&#8221;1&#8243; admin_label=&#8221;Gallery&#8221; _builder_version=&#8221;3.22&#8243; custom_padding=&#8221;100px||100px|&#8221;][et_pb_row column_structure=&#8221;1_2,1_2&#8243; _builder_version=&#8221;4.2.2&#8243;][et_pb_column type=&#8221;1_2&#8243; _builder_version=&#8221;3.25&#8243; custom_padding=&#8221;|||&#8221; custom_padding__hover=&#8221;|||&#8221;][et_pb_text _builder_version=&#8221;4.2.2&#8243;]<\/p>\n<h2 style=\"text-align: center\"><strong>La Universidad Miguel Hern\u00e1ndez<\/strong><\/h2>\n<p>[\/et_pb_text][et_pb_gallery gallery_ids=&#8221;499,298,463,487,454,451,460,490,493,496&#8243; fullwidth=&#8221;on&#8221; _builder_version=&#8221;4.2.2&#8243;][\/et_pb_gallery][\/et_pb_column][et_pb_column type=&#8221;1_2&#8243; _builder_version=&#8221;3.25&#8243; custom_padding=&#8221;|||&#8221; custom_padding__hover=&#8221;|||&#8221;][et_pb_text _builder_version=&#8221;4.2.2&#8243;]<\/p>\n<h2 style=\"text-align: center\"><strong>Cultura y Turismo en Elche<\/strong><\/h2>\n<p>[\/et_pb_text][et_pb_gallery gallery_ids=&#8221;457,469,475,384&#8243; fullwidth=&#8221;on&#8221; _builder_version=&#8221;4.2.2&#8243; hover_enabled=&#8221;0&#8243;][\/et_pb_gallery][\/et_pb_column][\/et_pb_row][et_pb_row column_structure=&#8221;1_2,1_2&#8243; _builder_version=&#8221;4.2.2&#8243;][et_pb_column type=&#8221;1_2&#8243; _builder_version=&#8221;4.2.2&#8243;][et_pb_text _builder_version=&#8221;4.2.2&#8243; link_option_url=&#8221;https:\/\/comunicacion.umh.es\/publicidad\/mapa-campus-umh\/&#8221; link_option_url_new_window=&#8221;on&#8221;]<\/p>\n<h4 style=\"text-align: center\"><u><strong>Descarga mapas<\/strong> de la UMH<\/u><\/h4>\n<p>[\/et_pb_text][\/et_pb_column][et_pb_column type=&#8221;1_2&#8243; _builder_version=&#8221;4.2.2&#8243;][et_pb_text _builder_version=&#8221;4.2.2&#8243; background_color=&#8221;rgba(0,0,0,0)&#8221; background_enable_image=&#8221;off&#8221; link_option_url=&#8221;https:\/\/www.visitelche.com\/publicaciones\/&#8221; link_option_url_new_window=&#8221;on&#8221;]<\/p>\n<h4 style=\"text-align: center\"><strong><u>Descarga mapas y folletos<\/u><\/strong> de la ciudad de Elche<\/h4>\n<p>[\/et_pb_text][\/et_pb_column][\/et_pb_row][\/et_pb_section][et_pb_section fb_built=&#8221;1&#8243; fullwidth=&#8221;on&#8221; _builder_version=&#8221;4.2.2&#8243; background_color=&#8221;#343473&#8243; animation_style=&#8221;flip&#8221; animation_duration=&#8221;950ms&#8221; animation_intensity_flip=&#8221;15%&#8221; saved_tabs=&#8221;all&#8221;][et_pb_fullwidth_header title=&#8221;Contacto e inscripci\u00f3n&#8221; button_one_text=&#8221;Contacto&#8221; button_one_url=&#8221;https:\/\/internacionalizacionsue.umh.es\/contacto\/&#8221; button_two_text=&#8221;Inscr\u00edbase&#8221; button_two_url=&#8221;https:\/\/internacionalizacionsue.umh.es\/inscripcion\/&#8221; _builder_version=&#8221;4.2.2&#8243; title_font_size=&#8221;33px&#8221; background_color=&#8221;##343473&#8243; custom_button_one=&#8221;on&#8221; button_one_bg_color=&#8221;#0da0c5&#8243; custom_button_two=&#8221;on&#8221; button_two_bg_color=&#8221;#e01f45&#8243; link_option_url_new_window=&#8221;on&#8221;][\/et_pb_fullwidth_header][\/et_pb_section]<\/p>\n","protected":false},"excerpt":{"rendered":"<p>Descubre la UMHSal\u00f3n de Actos del Edificio Rectorado y Consejo SocialEl \u00a0Sal\u00f3n de Actos del Edificio Rectorado y Consejo Social del Campus de Elche ser\u00e1 el encargado de acoger el 25 y 26 de noviembre las III Jornadas\u00a0sobre Promoci\u00f3n Internacional del Sistema Universitario Espa\u00f1ol (SUE), organizadas por la sectorial CRUE Internacionalizaci\u00f3n y Cooperaci\u00f3n. Este Sal\u00f3n [&hellip;]<\/p>\n","protected":false},"author":5216,"featured_media":0,"parent":0,"menu_order":0,"comment_status":"closed","ping_status":"closed","template":"","meta":{"_et_pb_use_builder":"on","_et_pb_old_content":"","_et_gb_content_width":"","_links_to":"","_links_to_target":""},"_links":{"self":[{"href":"https:\/\/internacionalizacionsue.umh.es\/ca\/wp-json\/wp\/v2\/pages\/252"}],"collection":[{"href":"https:\/\/internacionalizacionsue.umh.es\/ca\/wp-json\/wp\/v2\/pages"}],"about":[{"href":"https:\/\/internacionalizacionsue.umh.es\/ca\/wp-json\/wp\/v2\/types\/page"}],"author":[{"embeddable":true,"href":"https:\/\/internacionalizacionsue.umh.es\/ca\/wp-json\/wp\/v2\/users\/5216"}],"replies":[{"embeddable":true,"href":"https:\/\/internacionalizacionsue.umh.es\/ca\/wp-json\/wp\/v2\/comments?post=252"}],"version-history":[{"count":0,"href":"https:\/\/internacionalizacionsue.umh.es\/ca\/wp-json\/wp\/v2\/pages\/252\/revisions"}],"wp:attachment":[{"href":"https:\/\/internacionalizacionsue.umh.es\/ca\/wp-json\/wp\/v2\/media?parent=252"}],"curies":[{"name":"wp","href":"https:\/\/api.w.org\/{rel}","templated":true}]}}