{"id":340,"date":"2021-09-21T14:20:55","date_gmt":"2021-09-21T12:20:55","guid":{"rendered":"https:\/\/internacionalizacionsue.umh.es\/?page_id=340"},"modified":"2021-11-15T09:13:36","modified_gmt":"2021-11-15T08:13:36","slug":"inscripcion","status":"publish","type":"page","link":"https:\/\/internacionalizacionsue.umh.es\/ca\/inscripcion\/","title":{"rendered":"Inscripci\u00f3n"},"content":{"rendered":"<p>[et_pb_section fb_built=&#8221;1&#8243; custom_padding_last_edited=&#8221;off|desktop&#8221; admin_label=&#8221;Hero&#8221; _builder_version=&#8221;4.2.2&#8243; use_background_color_gradient=&#8221;on&#8221; background_color_gradient_start=&#8221;#ffffff&#8221; background_color_gradient_end=&#8221;#e7edf9&#8243; min_height=&#8221;317px&#8221; custom_margin=&#8221;||-175px|||&#8221; custom_padding=&#8221;8px||100px|||&#8221; custom_padding_tablet=&#8221;130px||130px|&#8221;][et_pb_row admin_label=&#8221;title and illustration&#8221; _builder_version=&#8221;4.2.2&#8243; background_size=&#8221;initial&#8221; background_position=&#8221;top_left&#8221; background_repeat=&#8221;repeat&#8221; custom_margin=&#8221;|||&#8221;][et_pb_column type=&#8221;4_4&#8243; _builder_version=&#8221;3.25&#8243; custom_padding=&#8221;|||&#8221; custom_padding__hover=&#8221;|||&#8221;][et_pb_text _builder_version=&#8221;4.2.2&#8243; header_font=&#8221;Merriweather|700|||||||&#8221; header_font_size=&#8221;46px&#8221; header_line_height=&#8221;1.3em&#8221; custom_margin=&#8221;||0px|&#8221; animation_style=&#8221;fade&#8221; animation_direction=&#8221;top&#8221; animation_duration=&#8221;250ms&#8221;]<\/p>\n<h1>Inscripci&oacute;n<\/h1>\n<p>[\/et_pb_text][et_pb_divider color=&#8221;#4646c4&#8243; divider_position=&#8221;center&#8221; divider_weight=&#8221;2px&#8221; _builder_version=&#8221;4.2.2&#8243; max_width=&#8221;90px&#8221; max_width_tablet=&#8221;12%&#8221; max_width_last_edited=&#8221;off|desktop&#8221; custom_margin=&#8221;|||&#8221; animation_style=&#8221;flip&#8221; animation_delay=&#8221;50ms&#8221;][\/et_pb_divider][\/et_pb_column][\/et_pb_row][\/et_pb_section][et_pb_section fb_built=&#8221;1&#8243; admin_label=&#8221;Speakers&#8221; _builder_version=&#8221;4.2.2&#8243; custom_padding=&#8221;90px||90px|&#8221; animation_style=&#8221;zoom&#8221; animation_intensity_zoom=&#8221;10%&#8221;][et_pb_row column_structure=&#8221;1_3,2_3&#8243; _builder_version=&#8221;4.2.2&#8243; custom_margin=&#8221;|251px||auto||&#8221; custom_padding=&#8221;0px|0px|0px|0px||&#8221;][et_pb_column type=&#8221;1_3&#8243; _builder_version=&#8221;3.25&#8243; custom_padding=&#8221;|||&#8221; custom_padding__hover=&#8221;|||&#8221;][et_pb_image src=&#8221;https:\/\/internacionalizacionsue.umh.es\/files\/2021\/09\/umh-rectorado-universidad-miguel-hernandez-elche.jpg&#8221; _builder_version=&#8221;4.2.2&#8243; width=&#8221;99.3%&#8221; min_height=&#8221;66px&#8221; custom_padding=&#8221;||0px|||&#8221;][\/et_pb_image][et_pb_divider _builder_version=&#8221;4.2.2&#8243;][\/et_pb_divider][et_pb_button button_url=&#8221;http:\/\/universite.umh.es\/fpogestion\/aspx\/Preinscripcion\/Preinscripcion.aspx&#8221; url_new_window=&#8221;on&#8221; button_text=&#8221;PREINSCRIPCI\u00d3N&#8221; button_alignment=&#8221;center&#8221; _builder_version=&#8221;4.2.2&#8243; custom_button=&#8221;on&#8221; button_text_color=&#8221;#ffffff&#8221; button_bg_color=&#8221;#0c71c3&#8243; button_border_width=&#8221;2px&#8221; button_border_color=&#8221;rgba(255,255,255,0.27)&#8221; button_font=&#8221;|600|||||||&#8221; custom_margin=&#8221;|3px||||&#8221; custom_padding=&#8221;|68px||||&#8221;][\/et_pb_button][et_pb_button button_url=&#8221;https:\/\/internacionalizacionsue.umh.es\/contacto\/&#8221; url_new_window=&#8221;on&#8221; button_text=&#8221;    CONTACTAR&#8221; button_alignment=&#8221;center&#8221; _builder_version=&#8221;4.2.2&#8243; custom_button=&#8221;on&#8221; button_text_color=&#8221;#ffffff&#8221; button_bg_color=&#8221;#e02b20&#8243; button_font=&#8221;|600|||||||&#8221; custom_margin=&#8221;|3px||||&#8221; custom_padding=&#8221;|68px||31px||&#8221;][\/et_pb_button][\/et_pb_column][et_pb_column type=&#8221;2_3&#8243; _builder_version=&#8221;3.25&#8243; custom_padding=&#8221;|||&#8221; custom_padding__hover=&#8221;|||&#8221;][et_pb_text _builder_version=&#8221;4.2.2&#8243; text_font=&#8221;||||||||&#8221; text_text_color=&#8221;#7e7f93&#8243; text_font_size=&#8221;18px&#8221; text_line_height=&#8221;1.1em&#8221; header_font=&#8221;||||||||&#8221; header_3_font=&#8221;Merriweather|700|||||||&#8221; header_3_text_color=&#8221;#4646c4&#8243; header_3_font_size=&#8221;36px&#8221; header_3_line_height=&#8221;1.4em&#8221; width=&#8221;100%&#8221; locked=&#8221;off&#8221;]<\/p>\n<h3>C&oacute;mo inscribirse<\/h3>\n<p>[\/et_pb_text][et_pb_text _builder_version=&#8221;4.2.2&#8243; text_font=&#8221;||||||||&#8221; text_font_size=&#8221;18px&#8221; text_line_height=&#8221;1.8em&#8221;]<\/p>\n<p><span style=\"font-size: 14px\"><strong>*<\/strong> Si desea efectuar en primer lugar la <a title=\"Acceda a la secci\u00f3n alojamiento y ver los hoteles disponibles del evento\" href=\"..\/alojamiento\/\"><strong>reserva de alojamiento<\/strong><\/a>, deber\u00e1 <a title=\"Acceda a la secci\u00f3n contacto y le enviaremos el c\u00f3digo solicitado\" href=\"..\/contacto\/\"><strong>contactar con nosotros<\/strong><\/a> para facilitarle el <strong><u>c\u00f3digo de descuento<\/u><\/strong> a aplicar en uno de los hoteles recomendados.<\/span><\/p>\n<p><span style=\"font-size: 18px\">La inscripci\u00f3n al evento debe realizarse, <strong>antes del 19 de noviembre<\/strong>, a trav\u00e9s de la plataforma oficial que la UMH ha habilitado para ello. Para realizar el tr\u00e1mite debe seguir estos sencillos pasos:<\/span><\/p>\n<p>&nbsp;<\/p>\n<p style=\"padding-left: 30px\"><span style=\"font-size: 18px\">1. Acceder al <strong><a title=\"Lo ver\u00e1s en una nueva ventana\" href=\"http:\/\/universite.umh.es\/fpogestion\/aspx\/Preinscripcion\/Preinscripcion.aspx\" target=\"_blank\" rel=\"noopener noreferrer\">portal de inscripci\u00f3n<\/a><\/strong><br \/> <\/span><\/p>\n<p style=\"padding-left: 30px\"><span style=\"font-size: 18px\">2. <span style=\"text-decoration: underline\"><em>Tipo de Ense\u00f1anza(*)<\/em><\/span>, seleccionar <em>SERVICIO DE RELACIONES INTERNACIONALES &#8211; CURSOS DE IDIOMAS<\/em>.<\/span><\/p>\n<p style=\"padding-left: 30px\"><span style=\"font-size: 18px\">3. <span style=\"text-decoration: underline\"><em>Ense\u00f1anza(*)<\/em><\/span>,\u00a0 seleccionar <em>III Jornadas de Promoci\u00f3n Internacional del Sistema Universitario Espa\u00f1ol<\/em>.<\/span><\/p>\n<p style=\"padding-left: 30px\"><span style=\"font-size: 18px\">4. Introducir documento de identidad y c\u00f3digo de autentificaci\u00f3n.<\/span><\/p>\n<p style=\"padding-left: 30px\"><span style=\"font-size: 18px\">5. A continuaci\u00f3n se abrir\u00e1 un <strong>formulario<\/strong> para introducir datos personales.<\/span><\/p>\n<p style=\"padding-left: 30px\"><span style=\"font-size: 18px\">6. Seleccionar <em><strong>tipo de matr\u00edcula:<\/strong><\/em><\/span><\/p>\n<p style=\"padding-left: 60px\"><span style=\"font-size: 18px\">&#8211; General\u00a0(90\u20ac)<br \/> <\/span><span style=\"font-size: 18px\">&#8211; General + Asistencia a cena\u00a0(90\u20ac)<\/span><\/p>\n<p style=\"padding-left: 30px\"><span style=\"font-size: 18px\">7. Enviar solicitud<\/span><\/p>\n<p style=\"padding-left: 30px\"><span style=\"font-size: 18px\">8.<strong> Elegir el m\u00e9todo de pago (2 opciones)<\/strong>.<br \/> Puede pagar <u>de forma inmediata<\/u> a trav\u00e9s de la plataforma online (Pasarela de pago) o puede imprimir el recibo y realizar el pago <u>posteriormente<\/u> a trav\u00e9s de su banco.<\/span><\/p>\n<p>[\/et_pb_text][\/et_pb_column][\/et_pb_row][\/et_pb_section][et_pb_section fb_built=&#8221;1&#8243; fullwidth=&#8221;on&#8221; _builder_version=&#8221;4.2.2&#8243; background_color=&#8221;#343473&#8243; animation_style=&#8221;flip&#8221; animation_duration=&#8221;950ms&#8221; animation_intensity_flip=&#8221;15%&#8221; saved_tabs=&#8221;all&#8221;][et_pb_fullwidth_header title=&#8221;Contacto e inscripci\u00f3n&#8221; button_one_text=&#8221;Contacto&#8221; button_one_url=&#8221;https:\/\/internacionalizacionsue.umh.es\/contacto\/&#8221; button_two_text=&#8221;Inscr\u00edbase&#8221; button_two_url=&#8221;https:\/\/internacionalizacionsue.umh.es\/inscripcion\/&#8221; _builder_version=&#8221;4.2.2&#8243; title_font_size=&#8221;33px&#8221; background_color=&#8221;##343473&#8243; custom_button_one=&#8221;on&#8221; button_one_bg_color=&#8221;#0da0c5&#8243; custom_button_two=&#8221;on&#8221; button_two_bg_color=&#8221;#e01f45&#8243; link_option_url_new_window=&#8221;on&#8221;][\/et_pb_fullwidth_header][\/et_pb_section]<\/p>\n","protected":false},"excerpt":{"rendered":"<p>Inscripci&oacute;nC&oacute;mo inscribirse* Si desea efectuar en primer lugar la reserva de alojamiento, deber\u00e1 contactar con nosotros para facilitarle el c\u00f3digo de descuento a aplicar en uno de los hoteles recomendados. La inscripci\u00f3n al evento debe realizarse, antes del 19 de noviembre, a trav\u00e9s de la plataforma oficial que la UMH ha habilitado para ello. Para [&hellip;]<\/p>\n","protected":false},"author":4886,"featured_media":463,"parent":0,"menu_order":0,"comment_status":"closed","ping_status":"closed","template":"","meta":{"_et_pb_use_builder":"on","_et_pb_old_content":"","_et_gb_content_width":"","_links_to":"","_links_to_target":""},"_links":{"self":[{"href":"https:\/\/internacionalizacionsue.umh.es\/ca\/wp-json\/wp\/v2\/pages\/340"}],"collection":[{"href":"https:\/\/internacionalizacionsue.umh.es\/ca\/wp-json\/wp\/v2\/pages"}],"about":[{"href":"https:\/\/internacionalizacionsue.umh.es\/ca\/wp-json\/wp\/v2\/types\/page"}],"author":[{"embeddable":true,"href":"https:\/\/internacionalizacionsue.umh.es\/ca\/wp-json\/wp\/v2\/users\/4886"}],"replies":[{"embeddable":true,"href":"https:\/\/internacionalizacionsue.umh.es\/ca\/wp-json\/wp\/v2\/comments?post=340"}],"version-history":[{"count":0,"href":"https:\/\/internacionalizacionsue.umh.es\/ca\/wp-json\/wp\/v2\/pages\/340\/revisions"}],"wp:featuredmedia":[{"embeddable":true,"href":"https:\/\/internacionalizacionsue.umh.es\/ca\/wp-json\/wp\/v2\/media\/463"}],"wp:attachment":[{"href":"https:\/\/internacionalizacionsue.umh.es\/ca\/wp-json\/wp\/v2\/media?parent=340"}],"curies":[{"name":"wp","href":"https:\/\/api.w.org\/{rel}","templated":true}]}}