{"id":2152,"date":"2021-11-30T11:04:42","date_gmt":"2021-11-30T10:04:42","guid":{"rendered":"https:\/\/internacionalizacionsue.umh.es\/?page_id=2152"},"modified":"2021-11-30T14:08:50","modified_gmt":"2021-11-30T13:08:50","slug":"materiales","status":"publish","type":"page","link":"https:\/\/internacionalizacionsue.umh.es\/en\/materiales\/","title":{"rendered":"<span lang=\"es\">(Espa\u00f1ol) Materiales<\/span>"},"content":{"rendered":"<p>[et_pb_section fb_built=&#8221;1&#8243; custom_padding_last_edited=&#8221;off|desktop&#8221; admin_label=&#8221;Hero&#8221; _builder_version=&#8221;3.22&#8243; use_background_color_gradient=&#8221;on&#8221; background_color_gradient_start=&#8221;#ffffff&#8221; background_color_gradient_end=&#8221;#e7edf9&#8243; min_height=&#8221;239px&#8221; custom_margin=&#8221;||-74px|||&#8221; custom_padding=&#8221;12px||68px|||&#8221; custom_padding_tablet=&#8221;130px||130px|&#8221;][et_pb_row admin_label=&#8221;title and illustration&#8221; _builder_version=&#8221;3.25&#8243; background_size=&#8221;initial&#8221; background_position=&#8221;top_left&#8221; background_repeat=&#8221;repeat&#8221; min_height=&#8221;167.6px&#8221; custom_margin=&#8221;|||&#8221;][et_pb_column type=&#8221;4_4&#8243; _builder_version=&#8221;3.25&#8243; custom_padding=&#8221;|||&#8221; custom_padding__hover=&#8221;|||&#8221;][et_pb_text _builder_version=&#8221;4.2.2&#8243; header_font=&#8221;Merriweather|700|||||||&#8221; header_font_size=&#8221;46px&#8221; header_line_height=&#8221;1.3em&#8221; custom_margin=&#8221;||0px|&#8221; animation_style=&#8221;fade&#8221; animation_direction=&#8221;top&#8221; animation_duration=&#8221;250ms&#8221;]<\/p>\n<h1>Materiales<\/h1>\n<p>[\/et_pb_text][et_pb_divider color=&#8221;#4646c4&#8243; divider_position=&#8221;center&#8221; divider_weight=&#8221;2px&#8221; _builder_version=&#8221;3.2&#8243; max_width=&#8221;90px&#8221; max_width_tablet=&#8221;12%&#8221; max_width_last_edited=&#8221;off|desktop&#8221; custom_margin=&#8221;|||&#8221; animation_style=&#8221;flip&#8221; animation_delay=&#8221;50ms&#8221;][\/et_pb_divider][\/et_pb_column][\/et_pb_row][\/et_pb_section][et_pb_section fb_built=&#8221;1&#8243; admin_label=&#8221;Speakers&#8221; _builder_version=&#8221;3.22&#8243; custom_padding=&#8221;8px||2px|||&#8221; animation_style=&#8221;zoom&#8221; animation_intensity_zoom=&#8221;10%&#8221;][et_pb_row _builder_version=&#8221;4.2.2&#8243; width=&#8221;72.7%&#8221; column_structure=&#8221;1_3,1_3,1_3&#8243;][et_pb_column type=&#8221;1_3&#8243; _builder_version=&#8221;4.2.2&#8243;][et_pb_blurb title=&#8221;Internacionalizaci\u00f3n del SUE durante la pandemia por el SEPIE&#8221; image=&#8221;https:\/\/internacionalizacionsue.umh.es\/files\/2021\/11\/Diapo-1.jpg&#8221; _builder_version=&#8221;4.2.2&#8243; hover_enabled=&#8221;0&#8243; url=&#8221;https:\/\/internacionalizacionsue.umh.es\/files\/2021\/11\/Sesion-2-Jose-CarlosCicuendez-Gallego.pdf&#8221; url_new_window=&#8221;on&#8221; link_option_url=&#8221;https:\/\/internacionalizacionsue.umh.es\/files\/2021\/11\/Sesion-2-Jose-CarlosCicuendez-Gallego.pdf&#8221; link_option_url_new_window=&#8221;on&#8221; background_layout=&#8221;dark&#8221; header_text_color=&#8221;#0c71c3&#8243;]<\/p>\n<p><span style=\"color: #333333\">Jos\u00e9 Carlos Cicu\u00e9ndez Gallego<\/span><\/p>\n<p>[\/et_pb_blurb][\/et_pb_column][et_pb_column type=&#8221;1_3&#8243; _builder_version=&#8221;4.2.2&#8243;][et_pb_blurb title=&#8221;Presentaci\u00f3n del Informe actualizado de Acceso al SUE&#8221; image=&#8221;https:\/\/internacionalizacionsue.umh.es\/files\/2021\/11\/Diapo-2.jpg&#8221; _builder_version=&#8221;4.2.2&#8243; hover_enabled=&#8221;0&#8243; url=&#8221;https:\/\/internacionalizacionsue.umh.es\/files\/2021\/11\/Sesion-3-Rosa-Maria-Fernandez-Alcala.pdf&#8221; url_new_window=&#8221;on&#8221; link_option_url=&#8221;https:\/\/internacionalizacionsue.umh.es\/files\/2021\/11\/Sesion-3-Rosa-Maria-Fernandez-Alcala.pdf&#8221; link_option_url_new_window=&#8221;on&#8221; header_text_color=&#8221;#0c71c3&#8243;]<\/p>\n<p>Rosa Mar\u00eda Fern\u00e1ndez Alcal\u00e1<\/p>\n<p>[\/et_pb_blurb][\/et_pb_column][et_pb_column type=&#8221;1_3&#8243; _builder_version=&#8221;4.2.2&#8243;][et_pb_blurb title=&#8221;International Universities for a common path towards a country of the future&#8221; image=&#8221;https:\/\/internacionalizacionsue.umh.es\/files\/2021\/11\/Diapo-3.jpg&#8221; _builder_version=&#8221;4.2.2&#8243; hover_enabled=&#8221;0&#8243; header_text_color=&#8221;#0c71c3&#8243; url=&#8221;https:\/\/drive.google.com\/file\/d\/193CHBOrj5vp9RArLDwPxfARZ2ClgK16h\/view?usp=sharing&#8221; link_option_url=&#8221;https:\/\/drive.google.com\/file\/d\/193CHBOrj5vp9RArLDwPxfARZ2ClgK16h\/view?usp=sharing&#8221; url_new_window=&#8221;on&#8221; link_option_url_new_window=&#8221;on&#8221;]<\/p>\n<p>Maurizio Tira<\/p>\n<p>[\/et_pb_blurb][\/et_pb_column][\/et_pb_row][et_pb_row _builder_version=&#8221;4.2.2&#8243; width=&#8221;72.7%&#8221; column_structure=&#8221;1_3,1_3,1_3&#8243;][et_pb_column type=&#8221;1_3&#8243; _builder_version=&#8221;4.2.2&#8243;][et_pb_blurb title=&#8221;La Universidade do Algarve: impacto de la investigaci\u00f3n en la captaci\u00f3n de estudiantes internacionales&#8221; image=&#8221;https:\/\/internacionalizacionsue.umh.es\/files\/2021\/11\/Sin-titulo-2.jpg&#8221; _builder_version=&#8221;4.2.2&#8243; hover_enabled=&#8221;0&#8243; url=&#8221;https:\/\/internacionalizacionsue.umh.es\/files\/2021\/11\/Sesion-3-Maria-Alexandra-Anica-Teodosio.pdf&#8221; link_option_url=&#8221;https:\/\/internacionalizacionsue.umh.es\/files\/2021\/11\/Sesion-3-Maria-Alexandra-Anica-Teodosio.pdf&#8221; url_new_window=&#8221;on&#8221; link_option_url_new_window=&#8221;on&#8221; header_text_color=&#8221;#0c71c3&#8243;]<\/p>\n<p>Maria Alexandra Anica Teod\u00f3sio<\/p>\n<p>[\/et_pb_blurb][\/et_pb_column][et_pb_column type=&#8221;1_3&#8243; _builder_version=&#8221;4.2.2&#8243;][et_pb_blurb title=&#8221;Informe de resultados de la encuesta realizada a Delegaciones Diplom\u00e1ticas y otras instituciones espa\u00f1olas en el exterior acerca del atractivo internacional del SUE&#8221; image=&#8221;https:\/\/internacionalizacionsue.umh.es\/files\/2021\/11\/Sin-titulo-1.jpg&#8221; _builder_version=&#8221;4.2.2&#8243; hover_enabled=&#8221;0&#8243; header_text_color=&#8221;#0c71c3&#8243; url=&#8221;https:\/\/internacionalizacionsue.umh.es\/files\/2021\/11\/Sesion-4-Jose-Angel-Ibanez-Zapata.pdf&#8221; link_option_url=&#8221;https:\/\/internacionalizacionsue.umh.es\/files\/2021\/11\/Sesion-4-Jose-Angel-Ibanez-Zapata.pdf&#8221; link_option_url_new_window=&#8221;on&#8221; url_new_window=&#8221;on&#8221; header_text_align=&#8221;left&#8221;]<\/p>\n<p>Jos\u00e9 \u00c1ngel Ib\u00e1\u00f1ez Zapata<\/p>\n<p>[\/et_pb_blurb][\/et_pb_column][et_pb_column type=&#8221;1_3&#8243; _builder_version=&#8221;4.2.2&#8243;][\/et_pb_column][\/et_pb_row][et_pb_row _builder_version=&#8221;4.2.2&#8243;][et_pb_column _builder_version=&#8221;4.2.2&#8243; type=&#8221;4_4&#8243;][et_pb_divider _builder_version=&#8221;4.2.2&#8243; show_divider=&#8221;off&#8221; hover_enabled=&#8221;0&#8243;][\/et_pb_divider][\/et_pb_column][\/et_pb_row][\/et_pb_section][et_pb_section fb_built=&#8221;1&#8243; fullwidth=&#8221;on&#8221; _builder_version=&#8221;4.2.2&#8243; background_color=&#8221;#343473&#8243; animation_style=&#8221;flip&#8221; animation_duration=&#8221;950ms&#8221; animation_intensity_flip=&#8221;15%&#8221; saved_tabs=&#8221;all&#8221;][et_pb_fullwidth_header title=&#8221;Contacto e inscripci\u00f3n&#8221; button_one_text=&#8221;Contacto&#8221; button_one_url=&#8221;https:\/\/internacionalizacionsue.umh.es\/contacto\/&#8221; button_two_text=&#8221;Inscr\u00edbase&#8221; button_two_url=&#8221;https:\/\/internacionalizacionsue.umh.es\/inscripcion\/&#8221; _builder_version=&#8221;4.2.2&#8243; title_font_size=&#8221;33px&#8221; background_color=&#8221;##343473&#8243; custom_button_one=&#8221;on&#8221; button_one_bg_color=&#8221;#0da0c5&#8243; custom_button_two=&#8221;on&#8221; button_two_bg_color=&#8221;#e01f45&#8243; link_option_url_new_window=&#8221;on&#8221;][\/et_pb_fullwidth_header][\/et_pb_section]<\/p>\n","protected":false},"excerpt":{"rendered":"<p>MaterialesJos\u00e9 Carlos Cicu\u00e9ndez Gallego Rosa Mar\u00eda Fern\u00e1ndez Alcal\u00e1 Maurizio Tira Maria Alexandra Anica Teod\u00f3sio Jos\u00e9 \u00c1ngel Ib\u00e1\u00f1ez Zapata<\/p>\n","protected":false},"author":4886,"featured_media":0,"parent":0,"menu_order":0,"comment_status":"closed","ping_status":"closed","template":"","meta":{"_et_pb_use_builder":"on","_et_pb_old_content":"","_et_gb_content_width":"","_links_to":"","_links_to_target":""},"_links":{"self":[{"href":"https:\/\/internacionalizacionsue.umh.es\/en\/wp-json\/wp\/v2\/pages\/2152"}],"collection":[{"href":"https:\/\/internacionalizacionsue.umh.es\/en\/wp-json\/wp\/v2\/pages"}],"about":[{"href":"https:\/\/internacionalizacionsue.umh.es\/en\/wp-json\/wp\/v2\/types\/page"}],"author":[{"embeddable":true,"href":"https:\/\/internacionalizacionsue.umh.es\/en\/wp-json\/wp\/v2\/users\/4886"}],"replies":[{"embeddable":true,"href":"https:\/\/internacionalizacionsue.umh.es\/en\/wp-json\/wp\/v2\/comments?post=2152"}],"version-history":[{"count":0,"href":"https:\/\/internacionalizacionsue.umh.es\/en\/wp-json\/wp\/v2\/pages\/2152\/revisions"}],"wp:attachment":[{"href":"https:\/\/internacionalizacionsue.umh.es\/en\/wp-json\/wp\/v2\/media?parent=2152"}],"curies":[{"name":"wp","href":"https:\/\/api.w.org\/{rel}","templated":true}]}}